{"id":1017,"date":"2022-06-09T09:19:03","date_gmt":"2022-06-09T09:19:03","guid":{"rendered":"https:\/\/vetreriaromena.ro\/?post_type=product&#038;p=1017"},"modified":"2026-04-01T00:08:37","modified_gmt":"2026-04-01T00:08:37","slug":"sticle-sticla","status":"publish","type":"product","link":"https:\/\/vetreriaromena.ro\/tr\/product\/sticle-sticla\/","title":{"rendered":"Sticle din sticl\u0103 pentru vin, \u021buic\u0103, ap\u0103 \u0219i b\u0103uturi"},"content":{"rendered":"<h2 data-start=\"396\" data-end=\"471\">Sticle profesionale din sticl\u0103 pentru \u00eembuteliere, depozitare \u0219i export<\/h2>\n<p data-start=\"473\" data-end=\"657\">Vetreria Romena produce sticle din sticl\u0103 de \u00eenalt\u0103 calitate pentru industria b\u0103uturilor, de la vinuri premium \u0219i distilate p\u00e2n\u0103 la ap\u0103, siropuri \u0219i b\u0103uturi artizanale.<\/p>\n<h3 data-start=\"892\" data-end=\"929\">De ce sticlele Vetreria Romena?<\/h3>\n<p data-start=\"931\" data-end=\"1063\">Sticlele noastre sunt fabricate pe <strong data-start=\"966\" data-end=\"1020\">linii automatizate de suflare \u0219i formare a sticlei<\/strong>, cu toleran\u021be stricte, fiind utilizate de:<\/p>\n<ul data-start=\"1065\" data-end=\"1173\">\n<li data-start=\"1065\" data-end=\"1074\">\n<p data-start=\"1067\" data-end=\"1074\">crame<\/p>\n<\/li>\n<li data-start=\"1075\" data-end=\"1089\">\n<p data-start=\"1077\" data-end=\"1089\">distilerii<\/p>\n<\/li>\n<li data-start=\"1090\" data-end=\"1124\">\n<p data-start=\"1092\" data-end=\"1124\">produc\u0103tori de ap\u0103 \u00eembuteliat\u0103<\/p>\n<\/li>\n<li data-start=\"1125\" data-end=\"1157\">\n<p data-start=\"1127\" data-end=\"1157\">fabrici de sucuri &amp; siropuri<\/p>\n<\/li>\n<li data-start=\"1158\" data-end=\"1173\">\n<p data-start=\"1160\" data-end=\"1173\">exportatori<\/p>\n<\/li>\n<\/ul>\n<h3 data-start=\"1180\" data-end=\"1199\">Gama de sticle<\/h3>\n<div class=\"TyagGW_tableContainer\">\n<div class=\"group TyagGW_tableWrapper flex flex-col-reverse w-fit\" tabindex=\"-1\">\n<table class=\"w-fit min-w-(--thread-content-width)\" data-start=\"1201\" data-end=\"1619\">\n<thead data-start=\"1201\" data-end=\"1252\">\n<tr data-start=\"1201\" data-end=\"1252\">\n<th data-start=\"1201\" data-end=\"1214\" data-col-size=\"sm\">Capacitate<\/th>\n<th data-start=\"1214\" data-end=\"1237\" data-col-size=\"sm\">Utilizare principal\u0103<\/th>\n<th data-start=\"1237\" data-end=\"1252\" data-col-size=\"sm\">Pozi\u021bionare<\/th>\n<\/tr>\n<\/thead>\n<tbody data-start=\"1302\" data-end=\"1619\">\n<tr data-start=\"1302\" data-end=\"1341\">\n<td data-start=\"1302\" data-end=\"1311\" data-col-size=\"sm\">200 ml<\/td>\n<td data-col-size=\"sm\" data-start=\"1311\" data-end=\"1331\">Miniaturi, mostre<\/td>\n<td data-col-size=\"sm\" data-start=\"1331\" data-end=\"1341\">Retail<\/td>\n<\/tr>\n<tr data-start=\"1342\" data-end=\"1382\">\n<td data-start=\"1342\" data-end=\"1351\" data-col-size=\"sm\">330 ml<\/td>\n<td data-col-size=\"sm\" data-start=\"1351\" data-end=\"1372\">B\u0103uturi artizanale<\/td>\n<td data-col-size=\"sm\" data-start=\"1372\" data-end=\"1382\">HoReCa<\/td>\n<\/tr>\n<tr data-start=\"1383\" data-end=\"1418\">\n<td data-start=\"1383\" data-end=\"1392\" data-col-size=\"sm\">500 ml<\/td>\n<td data-col-size=\"sm\" data-start=\"1392\" data-end=\"1406\">Ap\u0103, sucuri<\/td>\n<td data-col-size=\"sm\" data-start=\"1406\" data-end=\"1418\">Standard<\/td>\n<\/tr>\n<tr data-start=\"1419\" data-end=\"1458\">\n<td data-start=\"1419\" data-end=\"1428\" data-col-size=\"sm\">700 ml<\/td>\n<td data-start=\"1428\" data-end=\"1447\" data-col-size=\"sm\">\u021auic\u0103, distilate<\/td>\n<td data-col-size=\"sm\" data-start=\"1447\" data-end=\"1458\">Premium<\/td>\n<\/tr>\n<tr data-start=\"1459\" data-end=\"1506\">\n<td data-start=\"1459\" data-end=\"1468\" data-col-size=\"sm\">750 ml<\/td>\n<td data-col-size=\"sm\" data-start=\"1468\" data-end=\"1480\">Vin, ulei<\/td>\n<td data-col-size=\"sm\" data-start=\"1480\" data-end=\"1506\">Standard interna\u021bional<\/td>\n<\/tr>\n<tr data-start=\"1507\" data-end=\"1549\">\n<td data-start=\"1507\" data-end=\"1513\" data-col-size=\"sm\">1 L<\/td>\n<td data-col-size=\"sm\" data-start=\"1513\" data-end=\"1534\">B\u0103uturi comerciale<\/td>\n<td data-col-size=\"sm\" data-start=\"1534\" data-end=\"1549\">Profesional<\/td>\n<\/tr>\n<tr data-start=\"1550\" data-end=\"1584\">\n<td data-start=\"1550\" data-end=\"1558\" data-col-size=\"sm\">1.5 L<\/td>\n<td data-start=\"1558\" data-end=\"1569\" data-col-size=\"sm\">Ap\u0103, vin<\/td>\n<td data-col-size=\"sm\" data-start=\"1569\" data-end=\"1584\">Retail mare<\/td>\n<\/tr>\n<tr data-start=\"1585\" data-end=\"1619\">\n<td data-start=\"1585\" data-end=\"1591\" data-col-size=\"sm\">2 L<\/td>\n<td data-col-size=\"sm\" data-start=\"1591\" data-end=\"1605\">Ap\u0103, sucuri<\/td>\n<td data-col-size=\"sm\" data-start=\"1605\" data-end=\"1619\">Industrial<\/td>\n<\/tr>\n<\/tbody>\n<\/table>\n<\/div>\n<p>&nbsp;<\/p>\n<\/div>\n<table class=\"w-fit min-w-(--thread-content-width)\" data-start=\"1653\" data-end=\"2060\">\n<thead data-start=\"1653\" data-end=\"1681\">\n<tr data-start=\"1653\" data-end=\"1681\">\n<th data-start=\"1653\" data-end=\"1670\" data-col-size=\"sm\">Caracteristic\u0103<\/th>\n<th data-start=\"1670\" data-end=\"1681\" data-col-size=\"sm\">Valoare<\/th>\n<\/tr>\n<\/thead>\n<tbody data-start=\"1710\" data-end=\"2060\">\n<tr data-start=\"1710\" data-end=\"1754\">\n<td data-start=\"1710\" data-end=\"1721\" data-col-size=\"sm\">Material<\/td>\n<td data-col-size=\"sm\" data-start=\"1721\" data-end=\"1754\">Sticl\u0103 sodocalcic\u0103 alimentar\u0103<\/td>\n<\/tr>\n<tr data-start=\"1755\" data-end=\"1804\">\n<td data-start=\"1755\" data-end=\"1765\" data-col-size=\"sm\">Culoare<\/td>\n<td data-col-size=\"sm\" data-start=\"1765\" data-end=\"1804\">Transparent, verde, brun (op\u021bional)<\/td>\n<\/tr>\n<tr data-start=\"1805\" data-end=\"1850\">\n<td data-start=\"1805\" data-end=\"1815\" data-col-size=\"sm\">Tip g\u00e2t<\/td>\n<td data-col-size=\"sm\" data-start=\"1815\" data-end=\"1850\">Filet, dop plut\u0103, capac metalic<\/td>\n<\/tr>\n<tr data-start=\"1851\" data-end=\"1904\">\n<td data-start=\"1851\" data-end=\"1869\" data-col-size=\"sm\">Compatibilitate<\/td>\n<td data-col-size=\"sm\" data-start=\"1869\" data-end=\"1904\">Standard EU (vin, b\u0103uturi, ap\u0103)<\/td>\n<\/tr>\n<tr data-start=\"1905\" data-end=\"1944\">\n<td data-start=\"1905\" data-end=\"1918\" data-col-size=\"sm\">Rezisten\u021b\u0103<\/td>\n<td data-col-size=\"sm\" data-start=\"1918\" data-end=\"1944\">Presiune \u0219i \u0219oc termic<\/td>\n<\/tr>\n<tr data-start=\"1945\" data-end=\"1976\">\n<td data-start=\"1945\" data-end=\"1954\" data-col-size=\"sm\">Proces<\/td>\n<td data-col-size=\"sm\" data-start=\"1954\" data-end=\"1976\">Suflare mecanizat\u0103<\/td>\n<\/tr>\n<tr data-start=\"1977\" data-end=\"2016\">\n<td data-start=\"1977\" data-end=\"1987\" data-col-size=\"sm\">Origine<\/td>\n<td data-col-size=\"sm\" data-start=\"1987\" data-end=\"2016\">Rom\u00e2nia \u2013 Vetreria Romena<\/td>\n<\/tr>\n<tr data-start=\"2017\" data-end=\"2060\">\n<td data-start=\"2017\" data-end=\"2027\" data-col-size=\"sm\">Control<\/td>\n<td data-col-size=\"sm\" data-start=\"2027\" data-end=\"2060\">Verificare automat\u0103 + vizual\u0103<\/td>\n<\/tr>\n<\/tbody>\n<\/table>\n","protected":false},"excerpt":{"rendered":"<p><strong data-start=\"2767\" data-end=\"2800\">Solicit\u0103 ofert\u0103 de produc\u0103tor<\/strong><br data-start=\"2800\" data-end=\"2803\" \/>\ud83d\udce9 Vetreria Rom\u00e2n\u0103<br data-start=\"2821\" data-end=\"2824\" \/>\u2714 Pre\u021b de fabric\u0103<br data-start=\"2841\" data-end=\"2844\" \/>\u2714 Volume mari<br data-start=\"2857\" data-end=\"2860\" \/>\u2714 Livrare rapid\u0103<\/p>\n<p><a href=\"https:\/\/vetreriaromena.ro\/wp-content\/uploads\/2022\/06\/catalog-scurt.pdf\">catalog scurt<\/a><\/p>\n","protected":false},"featured_media":7255,"comment_status":"closed","ping_status":"closed","template":"","meta":{"pagelayer_contact_templates":[],"_pagelayer_content":""},"product_brand":[],"product_cat":[15],"product_tag":[],"class_list":{"0":"post-1017","1":"product","2":"type-product","3":"status-publish","4":"has-post-thumbnail","6":"product_cat-produsele-noastre","8":"first","9":"instock","10":"shipping-taxable","11":"product-type-simple"},"jetpack_sharing_enabled":true,"_links":{"self":[{"href":"https:\/\/vetreriaromena.ro\/tr\/wp-json\/wp\/v2\/product\/1017","targetHints":{"allow":["GET"]}}],"collection":[{"href":"https:\/\/vetreriaromena.ro\/tr\/wp-json\/wp\/v2\/product"}],"about":[{"href":"https:\/\/vetreriaromena.ro\/tr\/wp-json\/wp\/v2\/types\/product"}],"replies":[{"embeddable":true,"href":"https:\/\/vetreriaromena.ro\/tr\/wp-json\/wp\/v2\/comments?post=1017"}],"wp:featuredmedia":[{"embeddable":true,"href":"https:\/\/vetreriaromena.ro\/tr\/wp-json\/wp\/v2\/media\/7255"}],"wp:attachment":[{"href":"https:\/\/vetreriaromena.ro\/tr\/wp-json\/wp\/v2\/media?parent=1017"}],"wp:term":[{"taxonomy":"product_brand","embeddable":true,"href":"https:\/\/vetreriaromena.ro\/tr\/wp-json\/wp\/v2\/product_brand?post=1017"},{"taxonomy":"product_cat","embeddable":true,"href":"https:\/\/vetreriaromena.ro\/tr\/wp-json\/wp\/v2\/product_cat?post=1017"},{"taxonomy":"product_tag","embeddable":true,"href":"https:\/\/vetreriaromena.ro\/tr\/wp-json\/wp\/v2\/product_tag?post=1017"}],"curies":[{"name":"wp","href":"https:\/\/api.w.org\/{rel}","templated":true}]}}