{"id":6449,"date":"2022-06-08T12:30:20","date_gmt":"2022-06-08T12:30:20","guid":{"rendered":"https:\/\/vetreriaromena.ro\/?post_type=product&#038;p=6449"},"modified":"2026-04-01T00:13:44","modified_gmt":"2026-04-01T00:13:44","slug":"catalogul-nostru","status":"publish","type":"product","link":"https:\/\/vetreriaromena.ro\/it\/product\/catalogul-nostru\/","title":{"rendered":"Triada ambalajelor din sticl\u0103"},"content":{"rendered":"<h1 data-start=\"248\" data-end=\"282\">Triada ambalajelor din sticl\u0103<\/h1>\n<p data-start=\"283\" data-end=\"314\"><strong data-start=\"283\" data-end=\"314\">Damigene \u2022 Borcane \u2022 Sticle<\/strong><\/p>\n<p data-start=\"316\" data-end=\"403\"><strong data-start=\"316\" data-end=\"403\">Fabricate industrial \u00een Rom\u00e2nia pentru industria alimentar\u0103, vinicol\u0103 \u0219i de b\u0103uturi<\/strong><\/p>\n<h2 data-start=\"410\" data-end=\"441\">Cine este Vetreria Romena<\/h2>\n<h5 data-start=\"443\" data-end=\"621\">Vetreria Romena este un produc\u0103tor industrial de ambalaje din sticl\u0103, cu peste <strong data-start=\"522\" data-end=\"546\">10 ani de experien\u021b\u0103<\/strong> \u0219i livr\u0103ri \u00een <strong data-start=\"561\" data-end=\"581\">peste 20 de \u021b\u0103ri<\/strong>.<br data-start=\"582\" data-end=\"585\" \/>Fabric\u0103m ambalaje din sticl\u0103 pentru:<\/h5>\n<ul data-start=\"622\" data-end=\"729\">\n<li data-start=\"622\" data-end=\"631\">\n<p data-start=\"624\" data-end=\"631\">crame<\/p>\n<\/li>\n<li data-start=\"632\" data-end=\"646\">\n<p data-start=\"634\" data-end=\"646\">distilerii<\/p>\n<\/li>\n<li data-start=\"647\" data-end=\"673\">\n<p data-start=\"649\" data-end=\"673\">procesatori alimentari<\/p>\n<\/li>\n<li data-start=\"674\" data-end=\"700\">\n<p data-start=\"676\" data-end=\"700\">produc\u0103tori de b\u0103uturi<\/p>\n<\/li>\n<li data-start=\"701\" data-end=\"729\">\n<p data-start=\"703\" data-end=\"729\">exportatori \u0219i retaileri<\/p>\n<\/li>\n<\/ul>\n<div class=\"TyagGW_tableContainer\">\n<div class=\"group TyagGW_tableWrapper flex flex-col-reverse w-fit\" tabindex=\"-1\">\n<table class=\"w-fit min-w-(--thread-content-width)\" data-start=\"765\" data-end=\"984\">\n<thead data-start=\"765\" data-end=\"797\">\n<tr data-start=\"765\" data-end=\"797\">\n<th data-start=\"765\" data-end=\"777\" data-col-size=\"sm\">Categoria<\/th>\n<th data-start=\"777\" data-end=\"797\" data-col-size=\"sm\">Rol \u00een industrie<\/th>\n<\/tr>\n<\/thead>\n<tbody data-start=\"826\" data-end=\"984\">\n<tr data-start=\"826\" data-end=\"880\">\n<td data-start=\"826\" data-end=\"844\" data-col-size=\"sm\">\ud83d\udfe6 <strong data-start=\"831\" data-end=\"843\">Damigene<\/strong><\/td>\n<td data-col-size=\"sm\" data-start=\"844\" data-end=\"880\">Fermentare \u0219i stocare volum mare<\/td>\n<\/tr>\n<tr data-start=\"881\" data-end=\"933\">\n<td data-start=\"881\" data-end=\"898\" data-col-size=\"sm\">\ud83d\udfe6 <strong data-start=\"886\" data-end=\"897\">Borcane<\/strong><\/td>\n<td data-col-size=\"sm\" data-start=\"898\" data-end=\"933\">Ambalare, conservare, procesare<\/td>\n<\/tr>\n<tr data-start=\"934\" data-end=\"984\">\n<td data-start=\"934\" data-end=\"950\" data-col-size=\"sm\">\ud83d\udfe6 <strong data-start=\"939\" data-end=\"949\">Sticle<\/strong><\/td>\n<td data-col-size=\"sm\" data-start=\"950\" data-end=\"984\">\u00cembuteliere, branding, v\u00e2nzare<\/td>\n<\/tr>\n<\/tbody>\n<\/table>\n<p>&nbsp;<\/p>\n<\/div>\n<\/div>\n<blockquote>\n<p data-start=\"986\" data-end=\"1083\"><em><strong>\u00cempreun\u0103, ele formeaz\u0103 un ecosistem complet de ambalare din sticl\u0103 \u2013 de la produc\u021bie la raft.<\/strong><\/em><\/p>\n<\/blockquote>\n<h2 data-start=\"1968\" data-end=\"1999\">Avantajul Vetreria Romena<\/h2>\n<p data-start=\"2001\" data-end=\"2139\">\u2714 Fabricare industrial\u0103<br data-start=\"2024\" data-end=\"2027\" \/>\u2714 Control de calitate<br data-start=\"2048\" data-end=\"2051\" \/>\u2714 Volume mari<br data-start=\"2064\" data-end=\"2067\" \/>\u2714 Export UE<br data-start=\"2078\" data-end=\"2081\" \/>\u2714 Pre\u021b de produc\u0103tor<br data-start=\"2101\" data-end=\"2104\" \/>\u2714 Ambalaje alimentare certificate<\/p>\n<h2 data-start=\"2146\" data-end=\"2163\">B2B &amp; Export<\/h2>\n<p data-start=\"2165\" data-end=\"2172\">Livr\u0103m:<\/p>\n<ul data-start=\"2173\" data-end=\"2211\">\n<li data-start=\"2173\" data-end=\"2183\">\n<p data-start=\"2175\" data-end=\"2183\">paleti<\/p>\n<\/li>\n<li data-start=\"2184\" data-end=\"2196\">\n<p data-start=\"2186\" data-end=\"2196\">camioane<\/p>\n<\/li>\n<li data-start=\"2197\" data-end=\"2211\">\n<p data-start=\"2199\" data-end=\"2211\">containere<\/p>\n<\/li>\n<\/ul>\n<p data-start=\"2213\" data-end=\"2221\">Clien\u021bi:<\/p>\n<ul data-start=\"2222\" data-end=\"2293\">\n<li data-start=\"2222\" data-end=\"2231\">\n<p data-start=\"2224\" data-end=\"2231\">crame<\/p>\n<\/li>\n<li data-start=\"2232\" data-end=\"2243\">\n<p data-start=\"2234\" data-end=\"2243\">fabrici<\/p>\n<\/li>\n<li data-start=\"2244\" data-end=\"2261\">\n<p data-start=\"2246\" data-end=\"2261\">m\u0103rci private<\/p>\n<\/li>\n<li data-start=\"2262\" data-end=\"2275\">\n<p data-start=\"2264\" data-end=\"2275\">retaileri<\/p>\n<\/li>\n<li data-start=\"2276\" data-end=\"2293\">\n<p data-start=\"2278\" data-end=\"2293\">distribuitori<\/p>\n<\/li>\n<\/ul>\n<h3 data-start=\"2300\" data-end=\"2328\">De ce Triada este unic\u0103<\/h3>\n<p data-start=\"2400\" data-end=\"2494\"><strong data-start=\"2400\" data-end=\"2440\">Vetreria Rom\u00e2n\u0103 ofer\u0103 \u00eentregul lan\u021b:<\/strong><\/p>\n<p data-start=\"2400\" data-end=\"2494\">Fermentare \u2192 Procesare \u2192 \u00cembuteliere \u2192 V\u00e2nzare<\/p>\n<blockquote>\n<p data-start=\"2496\" data-end=\"2549\"><em><strong>Totul din sticl\u0103.<\/strong><\/em><br data-start=\"2513\" data-end=\"2516\" \/><em><strong>Totul de la un singur produc\u0103tor.<\/strong><\/em><\/p>\n<\/blockquote>\n<p data-start=\"2496\" data-end=\"2549\"><a href=\"https:\/\/vetreriaromena.ro\/wp-content\/uploads\/2022\/06\/catalog-scurt.pdf\">catalog scurt<\/a><\/p>\n","protected":false},"excerpt":{"rendered":"<p>&nbsp;<\/p>\n<p>&nbsp;<\/p>\n<p>&nbsp;<\/p>\n<p>&nbsp;<\/p>\n<p><strong data-start=\"2577\" data-end=\"2606\">Cere ofert\u0103 personalizat\u0103<\/strong><br data-start=\"2606\" data-end=\"2609\" \/>\ud83d\udce9 Vetreria Romena<br data-start=\"2627\" data-end=\"2630\" \/>\u2714 Pre\u021b de fabric\u0103<br data-start=\"2647\" data-end=\"2650\" \/>\u2714 Volume mari<br data-start=\"2663\" data-end=\"2666\" \/>\u2714 Livrare rapid\u0103<\/p>\n<p><a href=\"https:\/\/vetreriaromena.ro\/wp-content\/uploads\/2022\/06\/catalog-scurt.pdf\">catalog scurt<\/a><\/p>\n","protected":false},"featured_media":6815,"comment_status":"closed","ping_status":"closed","template":"","meta":{"pagelayer_contact_templates":[],"_pagelayer_content":""},"product_brand":[],"product_cat":[15],"product_tag":[],"class_list":{"0":"post-6449","1":"product","2":"type-product","3":"status-publish","4":"has-post-thumbnail","6":"product_cat-produsele-noastre","8":"first","9":"instock","10":"shipping-taxable","11":"product-type-simple"},"jetpack_sharing_enabled":true,"_links":{"self":[{"href":"https:\/\/vetreriaromena.ro\/it\/wp-json\/wp\/v2\/product\/6449","targetHints":{"allow":["GET"]}}],"collection":[{"href":"https:\/\/vetreriaromena.ro\/it\/wp-json\/wp\/v2\/product"}],"about":[{"href":"https:\/\/vetreriaromena.ro\/it\/wp-json\/wp\/v2\/types\/product"}],"replies":[{"embeddable":true,"href":"https:\/\/vetreriaromena.ro\/it\/wp-json\/wp\/v2\/comments?post=6449"}],"wp:featuredmedia":[{"embeddable":true,"href":"https:\/\/vetreriaromena.ro\/it\/wp-json\/wp\/v2\/media\/6815"}],"wp:attachment":[{"href":"https:\/\/vetreriaromena.ro\/it\/wp-json\/wp\/v2\/media?parent=6449"}],"wp:term":[{"taxonomy":"product_brand","embeddable":true,"href":"https:\/\/vetreriaromena.ro\/it\/wp-json\/wp\/v2\/product_brand?post=6449"},{"taxonomy":"product_cat","embeddable":true,"href":"https:\/\/vetreriaromena.ro\/it\/wp-json\/wp\/v2\/product_cat?post=6449"},{"taxonomy":"product_tag","embeddable":true,"href":"https:\/\/vetreriaromena.ro\/it\/wp-json\/wp\/v2\/product_tag?post=6449"}],"curies":[{"name":"wp","href":"https:\/\/api.w.org\/{rel}","templated":true}]}}