{"id":1019,"date":"2022-09-09T09:29:12","date_gmt":"2022-09-09T09:29:12","guid":{"rendered":"https:\/\/vetreriaromena.ro\/?post_type=product&#038;p=1019"},"modified":"2026-04-01T00:05:13","modified_gmt":"2026-04-01T00:05:13","slug":"mase-plastice","status":"publish","type":"product","link":"https:\/\/vetreriaromena.ro\/it\/product\/mase-plastice\/","title":{"rendered":"Mase Plastice"},"content":{"rendered":"<table dir=\"ltr\" style=\"height: 141px;\" border=\"1\" width=\"120\" cellspacing=\"0\" cellpadding=\"0\" data-sheets-root=\"1\" data-sheets-baot=\"1\">\n<colgroup>\n<col width=\"124\" \/><\/colgroup>\n<tbody>\n<tr>\n<td>grebla<\/td>\n<\/tr>\n<tr>\n<td><span data-sheets-root=\"1\">flexibile , rezistente , reciclabile, reciclate <\/span><\/td>\n<\/tr>\n<tr>\n<td>grebla de frunze<\/td>\n<\/tr>\n<\/tbody>\n<\/table>\n","protected":false},"excerpt":{"rendered":"<p>La cerere prelucram si transformam in produs finit plasticul.<\/p>\n<h5>De la un PET aruncat la <strong data-start=\"82\" data-end=\"124\">o grebl\u0103 de gr\u0103din\u0103 v\u00e2ndut\u0103 \u00een magazin<\/strong> \u267b\ufe0f\ud83c\udf31<br data-start=\"129\" data-end=\"132\" \/>\u0102sta e genul de proces care arat\u0103 <strong data-start=\"166\" data-end=\"194\">de ce fabricile conteaz\u0103<\/strong>, nu doar reciclarea.<\/h5>\n","protected":false},"featured_media":6564,"comment_status":"closed","ping_status":"closed","template":"","meta":{"pagelayer_contact_templates":[],"_pagelayer_content":""},"product_brand":[],"product_cat":[15],"product_tag":[],"class_list":{"0":"post-1019","1":"product","2":"type-product","3":"status-publish","4":"has-post-thumbnail","6":"product_cat-produsele-noastre","8":"first","9":"instock","10":"shipping-taxable","11":"product-type-simple"},"jetpack_sharing_enabled":true,"_links":{"self":[{"href":"https:\/\/vetreriaromena.ro\/it\/wp-json\/wp\/v2\/product\/1019","targetHints":{"allow":["GET"]}}],"collection":[{"href":"https:\/\/vetreriaromena.ro\/it\/wp-json\/wp\/v2\/product"}],"about":[{"href":"https:\/\/vetreriaromena.ro\/it\/wp-json\/wp\/v2\/types\/product"}],"replies":[{"embeddable":true,"href":"https:\/\/vetreriaromena.ro\/it\/wp-json\/wp\/v2\/comments?post=1019"}],"wp:featuredmedia":[{"embeddable":true,"href":"https:\/\/vetreriaromena.ro\/it\/wp-json\/wp\/v2\/media\/6564"}],"wp:attachment":[{"href":"https:\/\/vetreriaromena.ro\/it\/wp-json\/wp\/v2\/media?parent=1019"}],"wp:term":[{"taxonomy":"product_brand","embeddable":true,"href":"https:\/\/vetreriaromena.ro\/it\/wp-json\/wp\/v2\/product_brand?post=1019"},{"taxonomy":"product_cat","embeddable":true,"href":"https:\/\/vetreriaromena.ro\/it\/wp-json\/wp\/v2\/product_cat?post=1019"},{"taxonomy":"product_tag","embeddable":true,"href":"https:\/\/vetreriaromena.ro\/it\/wp-json\/wp\/v2\/product_tag?post=1019"}],"curies":[{"name":"wp","href":"https:\/\/api.w.org\/{rel}","templated":true}]}}