{"id":2811,"date":"2023-02-07T12:17:04","date_gmt":"2023-02-07T12:17:04","guid":{"rendered":"https:\/\/vetreriaromena.ro\/?page_id=2811"},"modified":"2026-04-01T01:01:41","modified_gmt":"2026-04-01T01:01:41","slug":"procesele-vetreriei-fabrica","status":"publish","type":"page","link":"https:\/\/vetreriaromena.ro\/it\/procesele-vetreriei-fabrica\/","title":{"rendered":"Procesele noastre"},"content":{"rendered":"\t\t<div data-elementor-type=\"wp-page\" data-elementor-id=\"2811\" class=\"elementor elementor-2811\">\n\t\t\t\t\t\t<section class=\"elementor-section elementor-top-section elementor-element elementor-element-3a7e9018 elementor-section-content-middle elementor-section-full_width elementor-section-height-default elementor-section-height-default sc_fly_static\" data-id=\"3a7e9018\" data-element_type=\"section\" data-e-type=\"section\" data-settings=\"{&quot;background_background&quot;:&quot;classic&quot;}\">\n\t\t\t\t\t\t<div class=\"elementor-container elementor-column-gap-no\">\n\t\t\t\t\t<div class=\"elementor-column elementor-col-50 elementor-top-column elementor-element elementor-element-28f5ad6c sc_layouts_column_align_center sc_layouts_column sc_content_align_inherit sc_layouts_column_icons_position_left sc_fly_static\" data-id=\"28f5ad6c\" data-element_type=\"column\" data-e-type=\"column\" data-settings=\"{&quot;background_background&quot;:&quot;classic&quot;}\">\n\t\t\t<div class=\"elementor-widget-wrap elementor-element-populated\">\n\t\t\t\t\t\t<div class=\"elementor-element elementor-element-329f4fd6 sc_fly_static elementor-widget elementor-widget-spacer\" data-id=\"329f4fd6\" data-element_type=\"widget\" data-e-type=\"widget\" data-widget_type=\"spacer.default\">\n\t\t\t\t\t\t\t<div class=\"elementor-spacer\">\n\t\t\t<div class=\"elementor-spacer-inner\"><\/div>\n\t\t<\/div>\n\t\t\t\t\t\t<\/div>\n\t\t\t\t\t<\/div>\n\t\t<\/div>\n\t\t\t\t<div class=\"elementor-column elementor-col-50 elementor-top-column elementor-element elementor-element-6846ebb6 sc_inner_width_1_2 sc_content_align_left sc-mobile_inner_width_none sc_layouts_column_icons_position_left sc_fly_static\" data-id=\"6846ebb6\" data-element_type=\"column\" data-e-type=\"column\" data-settings=\"{&quot;background_background&quot;:&quot;classic&quot;}\">\n\t\t\t<div class=\"elementor-widget-wrap elementor-element-populated\">\n\t\t\t\t\t\t<div class=\"elementor-element elementor-element-39eebd34 sc_fly_static elementor-widget elementor-widget-spacer\" data-id=\"39eebd34\" data-element_type=\"widget\" data-e-type=\"widget\" data-widget_type=\"spacer.default\">\n\t\t\t\t\t\t\t<div class=\"elementor-spacer\">\n\t\t\t<div class=\"elementor-spacer-inner\"><\/div>\n\t\t<\/div>\n\t\t\t\t\t\t<\/div>\n\t\t\t\t<div class=\"elementor-element elementor-element-52f3b7d0 sc_fly_static elementor-widget elementor-widget-trx_sc_title\" data-id=\"52f3b7d0\" data-element_type=\"widget\" data-e-type=\"widget\" data-widget_type=\"trx_sc_title.default\">\n\t\t\t\t<div class=\"elementor-widget-container\">\n\t\t\t\t\t<div\t\tclass=\"sc_title sc_title_default\" ><span class=\"sc_item_subtitle sc_title_subtitle sc_item_subtitle_above sc_item_title_style_default sc_item_subtitle_with_custom_color trx_addons_inline_1674522397\">Primii Pasi <\/span><h1 class=\"sc_item_title sc_title_title sc_item_title_style_default sc_item_title_tag trx_addons_inline_2039729564\"\n\t\t\t><span class=\"sc_item_title_text\">Procesul de reciclare a sticlei<\/span><\/h1><\/div>\t\t\t\t<\/div>\n\t\t\t\t<\/div>\n\t\t\t\t<div class=\"elementor-element elementor-element-4afb1eb6 sc_fly_static elementor-widget elementor-widget-spacer\" data-id=\"4afb1eb6\" data-element_type=\"widget\" data-e-type=\"widget\" data-widget_type=\"spacer.default\">\n\t\t\t\t\t\t\t<div class=\"elementor-spacer\">\n\t\t\t<div class=\"elementor-spacer-inner\"><\/div>\n\t\t<\/div>\n\t\t\t\t\t\t<\/div>\n\t\t\t\t<div class=\"elementor-element elementor-element-109cd713 sc_fly_static elementor-widget elementor-widget-text-editor\" data-id=\"109cd713\" data-element_type=\"widget\" data-e-type=\"widget\" data-widget_type=\"text-editor.default\">\n\t\t\t\t\t\t\t\t\t<!--?xml encoding=\"UTF-8\"?--><p>Sticla este colectat\u0103 din sisteme locale publice, comerciale \u0219i industriale. Separarea corect\u0103 la surs\u0103 este esen\u021bial\u0103 pentru ob\u021binerea unei materii prime de calitate.<\/p>\n\t\t\t\t\t\t\t\t<\/div>\n\t\t\t\t<div class=\"elementor-element elementor-element-707a9354 sc_fly_static elementor-widget elementor-widget-spacer\" data-id=\"707a9354\" data-element_type=\"widget\" data-e-type=\"widget\" data-widget_type=\"spacer.default\">\n\t\t\t\t\t\t\t<div class=\"elementor-spacer\">\n\t\t\t<div class=\"elementor-spacer-inner\"><\/div>\n\t\t<\/div>\n\t\t\t\t\t\t<\/div>\n\t\t\t\t<div class=\"elementor-element elementor-element-49a35865 sc_fly_static elementor-widget elementor-widget-text-editor\" data-id=\"49a35865\" data-element_type=\"widget\" data-e-type=\"widget\" data-widget_type=\"text-editor.default\">\n\t\t\t\t\t\t\t\t\t<!--?xml encoding=\"UTF-8\"?--><p data-start=\"970\" data-end=\"1118\">Sticla curat\u0103 este zdrobit\u0103 \u0219i transformat\u0103 \u00een <strong data-start=\"1017\" data-end=\"1027\">cullet<\/strong> (cioburi de sticl\u0103 cu granula\u021bie controlat\u0103), care reprezint\u0103 materia prim\u0103 pentru topire.<\/p>\n\t\t\t\t\t\t\t\t<\/div>\n\t\t\t\t<div class=\"elementor-element elementor-element-5bb22cfa sc_fly_static elementor-widget elementor-widget-spacer\" data-id=\"5bb22cfa\" data-element_type=\"widget\" data-e-type=\"widget\" data-widget_type=\"spacer.default\">\n\t\t\t\t\t\t\t<div class=\"elementor-spacer\">\n\t\t\t<div class=\"elementor-spacer-inner\"><\/div>\n\t\t<\/div>\n\t\t\t\t\t\t<\/div>\n\t\t\t\t<div class=\"elementor-element elementor-element-4fdbe37a sc_fly_static elementor-widget elementor-widget-trx_sc_button\" data-id=\"4fdbe37a\" data-element_type=\"widget\" data-e-type=\"widget\" data-widget_type=\"trx_sc_button.default\">\n\t\t\t\t<div class=\"elementor-widget-container\">\n\t\t\t\t\t<div\tclass=\"sc_item_button sc_button_wrap\" ><a href=\"https:\/\/vetreriaromena.ro\/procesarea-sticlei\/\" class=\"sc_button sc_button_default sc_button_size_normal sc_button_icon_left\" ><span class=\"sc_button_text\"><span class=\"sc_button_title\">Afla Mai Multe<\/span><\/span><\/a><\/div>\t\t\t\t<\/div>\n\t\t\t\t<\/div>\n\t\t\t\t<div class=\"elementor-element elementor-element-7796e46 sc_fly_static elementor-widget elementor-widget-spacer\" data-id=\"7796e46\" data-element_type=\"widget\" data-e-type=\"widget\" data-widget_type=\"spacer.default\">\n\t\t\t\t\t\t\t<div class=\"elementor-spacer\">\n\t\t\t<div class=\"elementor-spacer-inner\"><\/div>\n\t\t<\/div>\n\t\t\t\t\t\t<\/div>\n\t\t\t\t\t<\/div>\n\t\t<\/div>\n\t\t\t\t\t<\/div>\n\t\t<\/section>\n\t\t\t\t<section class=\"elementor-section elementor-top-section elementor-element elementor-element-9d2aa93 scheme_light elementor-section-content-middle elementor-section-full_width elementor-reverse-mobile elementor-section-height-default elementor-section-height-default sc_fly_static\" data-id=\"9d2aa93\" data-element_type=\"section\" data-e-type=\"section\" data-settings=\"{&quot;background_background&quot;:&quot;classic&quot;}\">\n\t\t\t\t\t\t<div class=\"elementor-container elementor-column-gap-no\">\n\t\t\t\t\t<div class=\"elementor-column elementor-col-50 elementor-top-column elementor-element elementor-element-02b5c86 sc_inner_width_1_2 sc_content_align_right sc-mobile_inner_width_none sc_layouts_column_icons_position_left sc_fly_static\" data-id=\"02b5c86\" data-element_type=\"column\" data-e-type=\"column\">\n\t\t\t<div class=\"elementor-widget-wrap elementor-element-populated\">\n\t\t\t\t\t\t<div class=\"elementor-element elementor-element-74a6ecc sc_fly_static elementor-widget elementor-widget-spacer\" data-id=\"74a6ecc\" data-element_type=\"widget\" data-e-type=\"widget\" data-widget_type=\"spacer.default\">\n\t\t\t\t\t\t\t<div class=\"elementor-spacer\">\n\t\t\t<div class=\"elementor-spacer-inner\"><\/div>\n\t\t<\/div>\n\t\t\t\t\t\t<\/div>\n\t\t\t\t<div class=\"elementor-element elementor-element-cf096b7 sc_fly_static elementor-widget elementor-widget-trx_sc_title\" data-id=\"cf096b7\" data-element_type=\"widget\" data-e-type=\"widget\" data-widget_type=\"trx_sc_title.default\">\n\t\t\t\t<div class=\"elementor-widget-container\">\n\t\t\t\t\t<div\t\tclass=\"sc_title sc_title_default\" ><span class=\"sc_item_subtitle sc_title_subtitle sc_item_subtitle_above sc_item_title_style_default sc_item_subtitle_with_custom_color trx_addons_inline_1058091150\">O viata noua, Plasticului<\/span><h1 class=\"sc_item_title sc_title_title sc_item_title_style_default sc_item_title_tag trx_addons_inline_2022364238\"\n\t\t\t><span class=\"sc_item_title_text\">Procesarea Plasticului <\/span><\/h1><\/div>\t\t\t\t<\/div>\n\t\t\t\t<\/div>\n\t\t\t\t<div class=\"elementor-element elementor-element-5662e5d sc_fly_static elementor-widget elementor-widget-spacer\" data-id=\"5662e5d\" data-element_type=\"widget\" data-e-type=\"widget\" data-widget_type=\"spacer.default\">\n\t\t\t\t\t\t\t<div class=\"elementor-spacer\">\n\t\t\t<div class=\"elementor-spacer-inner\"><\/div>\n\t\t<\/div>\n\t\t\t\t\t\t<\/div>\n\t\t\t\t<div class=\"elementor-element elementor-element-5d54578 sc_fly_static elementor-widget elementor-widget-text-editor\" data-id=\"5d54578\" data-element_type=\"widget\" data-e-type=\"widget\" data-widget_type=\"text-editor.default\">\n\t\t\t\t\t\t\t\t\t<!--?xml encoding=\"UTF-8\"?--><p>Plasticul topit este t\u0103iat \u0219i transformat \u00een <strong data-start=\"1479\" data-end=\"1499\">granule plastice<\/strong> uniforme \u2013 materia prim\u0103 folosit\u0103 ulterior \u00een industrie.<\/p>\n\t\t\t\t\t\t\t\t<\/div>\n\t\t\t\t<div class=\"elementor-element elementor-element-628f20d sc_fly_static elementor-widget elementor-widget-spacer\" data-id=\"628f20d\" data-element_type=\"widget\" data-e-type=\"widget\" data-widget_type=\"spacer.default\">\n\t\t\t\t\t\t\t<div class=\"elementor-spacer\">\n\t\t\t<div class=\"elementor-spacer-inner\"><\/div>\n\t\t<\/div>\n\t\t\t\t\t\t<\/div>\n\t\t\t\t<div class=\"elementor-element elementor-element-e00aa5b sc_fly_static elementor-widget elementor-widget-text-editor\" data-id=\"e00aa5b\" data-element_type=\"widget\" data-e-type=\"widget\" data-widget_type=\"text-editor.default\">\n\t\t\t\t\t\t\t\t\t<!--?xml encoding=\"UTF-8\"?--><p>Reciclarea plasticului este procesul industrial prin care de\u0219eurile plastice sunt colectate, sortate \u0219i transformate, prin tehnologii controlate, \u00een granule reutilizabile folosite ca materie prim\u0103 pentru noi produse.<\/p>\n\t\t\t\t\t\t\t\t<\/div>\n\t\t\t\t<div class=\"elementor-element elementor-element-1af54f3 sc_fly_static elementor-widget elementor-widget-spacer\" data-id=\"1af54f3\" data-element_type=\"widget\" data-e-type=\"widget\" data-widget_type=\"spacer.default\">\n\t\t\t\t\t\t\t<div class=\"elementor-spacer\">\n\t\t\t<div class=\"elementor-spacer-inner\"><\/div>\n\t\t<\/div>\n\t\t\t\t\t\t<\/div>\n\t\t\t\t<div class=\"elementor-element elementor-element-2fdb85a sc_fly_static elementor-widget elementor-widget-trx_sc_button\" data-id=\"2fdb85a\" data-element_type=\"widget\" data-e-type=\"widget\" data-widget_type=\"trx_sc_button.default\">\n\t\t\t\t<div class=\"elementor-widget-container\">\n\t\t\t\t\t<div\tclass=\"sc_item_button sc_button_wrap\" ><a href=\"https:\/\/vetreriaromena.ro\/reciclarea-plasticului\/\" class=\"sc_button sc_button_default sc_button_size_normal sc_button_icon_left\" ><span class=\"sc_button_text\"><span class=\"sc_button_title\">Afla Mai Mult<\/span><\/span><\/a><\/div>\t\t\t\t<\/div>\n\t\t\t\t<\/div>\n\t\t\t\t<div class=\"elementor-element elementor-element-173d384 sc_fly_static elementor-widget elementor-widget-spacer\" data-id=\"173d384\" data-element_type=\"widget\" data-e-type=\"widget\" data-widget_type=\"spacer.default\">\n\t\t\t\t\t\t\t<div class=\"elementor-spacer\">\n\t\t\t<div class=\"elementor-spacer-inner\"><\/div>\n\t\t<\/div>\n\t\t\t\t\t\t<\/div>\n\t\t\t\t\t<\/div>\n\t\t<\/div>\n\t\t\t\t<div class=\"elementor-column elementor-col-50 elementor-top-column elementor-element elementor-element-230d3bb sc_layouts_column_align_center sc_layouts_column sc_content_align_inherit sc_layouts_column_icons_position_left sc_fly_static\" data-id=\"230d3bb\" data-element_type=\"column\" data-e-type=\"column\" data-settings=\"{&quot;background_background&quot;:&quot;classic&quot;}\">\n\t\t\t<div class=\"elementor-widget-wrap elementor-element-populated\">\n\t\t\t\t\t\t<div class=\"elementor-element elementor-element-13b99d5 sc_fly_static elementor-widget elementor-widget-spacer\" data-id=\"13b99d5\" data-element_type=\"widget\" data-e-type=\"widget\" data-widget_type=\"spacer.default\">\n\t\t\t\t\t\t\t<div class=\"elementor-spacer\">\n\t\t\t<div class=\"elementor-spacer-inner\"><\/div>\n\t\t<\/div>\n\t\t\t\t\t\t<\/div>\n\t\t\t\t\t<\/div>\n\t\t<\/div>\n\t\t\t\t\t<\/div>\n\t\t<\/section>\n\t\t\t\t<section class=\"elementor-section elementor-top-section elementor-element elementor-element-0119d30 elementor-section-content-middle elementor-section-full_width elementor-section-height-default elementor-section-height-default sc_fly_static\" data-id=\"0119d30\" data-element_type=\"section\" data-e-type=\"section\">\n\t\t\t\t\t\t<div class=\"elementor-container elementor-column-gap-no\">\n\t\t\t\t\t<div class=\"elementor-column elementor-col-50 elementor-top-column elementor-element elementor-element-ad87b2f sc_layouts_column_align_center sc_layouts_column sc_content_align_inherit sc_layouts_column_icons_position_left sc_fly_static\" data-id=\"ad87b2f\" data-element_type=\"column\" data-e-type=\"column\" data-settings=\"{&quot;background_background&quot;:&quot;classic&quot;}\">\n\t\t\t<div class=\"elementor-widget-wrap elementor-element-populated\">\n\t\t\t\t\t\t<div class=\"elementor-element elementor-element-61ab0f9 sc_fly_static elementor-widget elementor-widget-spacer\" data-id=\"61ab0f9\" data-element_type=\"widget\" data-e-type=\"widget\" data-widget_type=\"spacer.default\">\n\t\t\t\t\t\t\t<div class=\"elementor-spacer\">\n\t\t\t<div class=\"elementor-spacer-inner\"><\/div>\n\t\t<\/div>\n\t\t\t\t\t\t<\/div>\n\t\t\t\t\t<\/div>\n\t\t<\/div>\n\t\t\t\t<div class=\"elementor-column elementor-col-50 elementor-top-column elementor-element elementor-element-a974eec sc_inner_width_1_2 sc_content_align_left sc-mobile_inner_width_none sc_layouts_column_icons_position_left sc_gradient_animation_none sc_fly_static\" data-id=\"a974eec\" data-element_type=\"column\" data-e-type=\"column\" data-settings=\"{&quot;background_background&quot;:&quot;gradient&quot;}\">\n\t\t\t<div class=\"elementor-widget-wrap elementor-element-populated\">\n\t\t\t\t\t\t<div class=\"elementor-element elementor-element-b98cdb8 sc_fly_static elementor-widget elementor-widget-trx_sc_title\" data-id=\"b98cdb8\" data-element_type=\"widget\" data-e-type=\"widget\" data-widget_type=\"trx_sc_title.default\">\n\t\t\t\t<div class=\"elementor-widget-container\">\n\t\t\t\t\t<div\t\tclass=\"sc_title sc_title_default\" ><span class=\"sc_item_subtitle sc_title_subtitle sc_item_subtitle_above sc_item_title_style_default sc_item_subtitle_with_custom_color trx_addons_inline_1345562490\">Pasul Final<\/span><h1 class=\"sc_item_title sc_title_title sc_item_title_style_default sc_item_title_tag trx_addons_inline_427115316\"\n\t\t\t><span class=\"sc_item_title_text\">Proiectul final. Produs finit.<\/span><\/h1><\/div>\t\t\t\t<\/div>\n\t\t\t\t<\/div>\n\t\t\t\t<div class=\"elementor-element elementor-element-33c740b sc_fly_static elementor-widget elementor-widget-spacer\" data-id=\"33c740b\" data-element_type=\"widget\" data-e-type=\"widget\" data-widget_type=\"spacer.default\">\n\t\t\t\t\t\t\t<div class=\"elementor-spacer\">\n\t\t\t<div class=\"elementor-spacer-inner\"><\/div>\n\t\t<\/div>\n\t\t\t\t\t\t<\/div>\n\t\t\t\t<div class=\"elementor-element elementor-element-0bd3970 sc_fly_static elementor-widget elementor-widget-text-editor\" data-id=\"0bd3970\" data-element_type=\"widget\" data-e-type=\"widget\" data-widget_type=\"text-editor.default\">\n\t\t\t\t\t\t\t\t\t<!--?xml encoding=\"UTF-8\"?--><p>Viitorul recicl\u0103rii nu va fi definit de colectare, ci de capacitatea fabricilor de a procesa eficient volume mari \u0219i de a livra produse finite constante.<\/p>\n\t\t\t\t\t\t\t\t<\/div>\n\t\t\t\t<div class=\"elementor-element elementor-element-08a0606 sc_fly_static elementor-widget elementor-widget-spacer\" data-id=\"08a0606\" data-element_type=\"widget\" data-e-type=\"widget\" data-widget_type=\"spacer.default\">\n\t\t\t\t\t\t\t<div class=\"elementor-spacer\">\n\t\t\t<div class=\"elementor-spacer-inner\"><\/div>\n\t\t<\/div>\n\t\t\t\t\t\t<\/div>\n\t\t\t\t<div class=\"elementor-element elementor-element-3f8fae7 sc_fly_static elementor-widget elementor-widget-text-editor\" data-id=\"3f8fae7\" data-element_type=\"widget\" data-e-type=\"widget\" data-widget_type=\"text-editor.default\">\n\t\t\t\t\t\t\t\t\t<!--?xml encoding=\"UTF-8\"?--><ul data-start=\"1829\" data-end=\"1994\"><li data-start=\"1829\" data-end=\"1860\"><p data-start=\"1831\" data-end=\"1860\">\u00eenlocuiesc plasticul virgin<\/p><\/li><li data-start=\"1861\" data-end=\"1889\"><p data-start=\"1863\" data-end=\"1889\">reduc consumul de petrol<\/p><\/li><li data-start=\"1890\" data-end=\"1921\"><p data-start=\"1892\" data-end=\"1921\">reduc cantitatea de de\u0219euri<\/p><\/li><li data-start=\"1922\" data-end=\"1994\"><p data-start=\"1924\" data-end=\"1994\">permit produc\u021bia de ambalaje, \u021bevi, componente \u0219i multe alte produse<\/p><\/li><\/ul><p data-start=\"1996\" data-end=\"2060\">Granula reciclata este puntea dintre de\u0219eu \u0219i produs industrial.<\/p>\n\t\t\t\t\t\t\t\t<\/div>\n\t\t\t\t<div class=\"elementor-element elementor-element-bb01b31 sc_fly_static elementor-widget elementor-widget-spacer\" data-id=\"bb01b31\" data-element_type=\"widget\" data-e-type=\"widget\" data-widget_type=\"spacer.default\">\n\t\t\t\t\t\t\t<div class=\"elementor-spacer\">\n\t\t\t<div class=\"elementor-spacer-inner\"><\/div>\n\t\t<\/div>\n\t\t\t\t\t\t<\/div>\n\t\t\t\t<div class=\"elementor-element elementor-element-2407d54 sc_fly_static elementor-widget elementor-widget-trx_sc_button\" data-id=\"2407d54\" data-element_type=\"widget\" data-e-type=\"widget\" data-widget_type=\"trx_sc_button.default\">\n\t\t\t\t<div class=\"elementor-widget-container\">\n\t\t\t\t\t<div\tclass=\"sc_item_button sc_button_wrap\" ><a href=\"https:\/\/vetreriaromena.ro\/despre-vetreria-romena\/\" class=\"sc_button sc_button_default sc_button_size_normal sc_button_icon_left\" ><span class=\"sc_button_text\"><span class=\"sc_button_title\">Afla Mai Mult<\/span><\/span><\/a><\/div>\t\t\t\t<\/div>\n\t\t\t\t<\/div>\n\t\t\t\t<div class=\"elementor-element elementor-element-212c8b7 sc_fly_static elementor-widget elementor-widget-spacer\" data-id=\"212c8b7\" data-element_type=\"widget\" data-e-type=\"widget\" data-widget_type=\"spacer.default\">\n\t\t\t\t\t\t\t<div class=\"elementor-spacer\">\n\t\t\t<div class=\"elementor-spacer-inner\"><\/div>\n\t\t<\/div>\n\t\t\t\t\t\t<\/div>\n\t\t\t\t\t<\/div>\n\t\t<\/div>\n\t\t\t\t\t<\/div>\n\t\t<\/section>\n\t\t<div class=\"elementor-element elementor-element-248386c e-flex e-con-boxed sc_layouts_column_icons_position_left e-con e-parent\" data-id=\"248386c\" data-element_type=\"container\" data-e-type=\"container\">\n\t\t\t\t\t<div class=\"e-con-inner\">\n\t\t\t\t\t<\/div>\n\t\t\t\t<\/div>\n\t\t\t\t<\/div>\n\t\t","protected":false},"excerpt":{"rendered":"<p>Primii Pasi Procesul de reciclare a sticlei Sticla este colectat\u0103 din sisteme locale publice, comerciale \u0219i industriale. Separarea corect\u0103 la surs\u0103 este esen\u021bial\u0103 pentru ob\u021binerea unei materii prime de calitate.&hellip;<\/p>\n","protected":false},"author":4,"featured_media":0,"parent":0,"menu_order":0,"comment_status":"closed","ping_status":"closed","template":"","meta":{"pagelayer_contact_templates":[],"_pagelayer_content":"","footnotes":""},"class_list":["post-2811","page","type-page","status-publish","hentry"],"jetpack_sharing_enabled":true,"_links":{"self":[{"href":"https:\/\/vetreriaromena.ro\/it\/wp-json\/wp\/v2\/pages\/2811","targetHints":{"allow":["GET"]}}],"collection":[{"href":"https:\/\/vetreriaromena.ro\/it\/wp-json\/wp\/v2\/pages"}],"about":[{"href":"https:\/\/vetreriaromena.ro\/it\/wp-json\/wp\/v2\/types\/page"}],"author":[{"embeddable":true,"href":"https:\/\/vetreriaromena.ro\/it\/wp-json\/wp\/v2\/users\/4"}],"replies":[{"embeddable":true,"href":"https:\/\/vetreriaromena.ro\/it\/wp-json\/wp\/v2\/comments?post=2811"}],"version-history":[{"count":12,"href":"https:\/\/vetreriaromena.ro\/it\/wp-json\/wp\/v2\/pages\/2811\/revisions"}],"predecessor-version":[{"id":7990,"href":"https:\/\/vetreriaromena.ro\/it\/wp-json\/wp\/v2\/pages\/2811\/revisions\/7990"}],"wp:attachment":[{"href":"https:\/\/vetreriaromena.ro\/it\/wp-json\/wp\/v2\/media?parent=2811"}],"curies":[{"name":"wp","href":"https:\/\/api.w.org\/{rel}","templated":true}]}}